{"id":812,"date":"2021-11-09T16:32:16","date_gmt":"2021-11-09T16:32:16","guid":{"rendered":"https:\/\/madridvatforum.tax\/?page_id=812"},"modified":"2022-03-02T04:55:36","modified_gmt":"2022-03-02T04:55:36","slug":"madrid-vat-forum-2022","status":"publish","type":"page","link":"https:\/\/madridvatforum.tax\/en\/madrid-vat-forum-2022\/","title":{"rendered":"Madrid VAT FORUM 2022"},"content":{"rendered":"\n\n\t\t\t\t<img loading=\"lazy\" decoding=\"async\" src=\"https:\/\/madridvatforum.tax\/wp-content\/uploads\/2019\/10\/madridvatforum-logoV-transparente.png\" alt=\"madridvatforum-logoV-transparente\" itemprop=\"image\" height=\"400\" width=\"400\" title=\"madridvatforum-logoV-transparente\" onerror=\"this.style.display='none'\"  \/>\n<h2>\n\t\tMADRID VAT FORUM 2022\n\t<\/h2>\n<h3>\n\t\tVAT and the digital economy\n\t<\/h3>\n\t<p>There is no precise definition of what we can understand by digital economy. It could be said that it is a new way of doing business in which the normal interaction between the parties involved in the economic relationship is done through digita l platforms that put in contact the parties who wish to purchase or exchange goods and services.<\/p>\n<p>The phenomenon of the digital and also of the sharing economy is undergoing a real revolution today. An enormous effort is being made by national administrations, as well as supranational bodies, to ensure that this type of economy is taxed in the most reasonable and fair way possible. It is not an easy task as the economic reality is much faster and dynamic than the legislator.<\/p>\n\t<p>In the field of VAT there are many challenges posed by this new type of economy such as whether users of digital platforms act as entrepreneurs or in a private capacity or what is the role those intermediary platforms are playing in this type of operations.<\/p>\n\t<p><strong>10th February 2022<\/strong><\/p>\n<hr \/>\n<p>These and other issues will be discussed throughout the day in Madrid Forum 2022<\/p>\n\t\t\t<a href=\"#checkout\" target=\"_self\" role=\"button\" rel=\"noopener\">\n\t\t\t\t\t\t\tMore information\n\t\t\t<\/a>\n<h2>\n\t\tAgenda\n\t<\/h2>\n\t<p>9:30 &#8211; 9:45<\/p>\n\t<p>9:45 &#8211; 10:30\u00a0 \u25e5<\/p>\n<h3>\n\t\tEU Commission&#8217;s initiative to adapt the VAT System to the digital economy\n\t<\/h3>\n\t<p>On July 15th 2020 the EU Commission adopted an action plan for fair and simple taxation. One of the policy actions included on the plan is the so called &#8220;VAT in the digital age package&#8221; where the following actions are considered: moving towards a single EU VAT registration, further extending the OSS and IOSS, modernizing VAT obligations, facilitating e-invoicing and adapting the EU VAT framework to the platform economy.<\/p>\n\t\t\t\t<img loading=\"lazy\" decoding=\"async\" src=\"https:\/\/madridvatforum.tax\/wp-content\/uploads\/2022\/01\/Agusti\u0301n-Mi\u0301guel-Pe\u0301rez-madrid_vat_forum.jpg\" alt=\"Agusti\u0301n-Mi\u0301guel-Pe\u0301rez-madrid_vat_forum\" itemprop=\"image\" height=\"400\" width=\"400\" title=\"Agusti\u0301n-Mi\u0301guel-Pe\u0301rez-madrid_vat_forum\" onerror=\"this.style.display='none'\"  \/>\n\t<h4>Agust\u00edn M\u00edguez P\u00e9rez<\/h4>\nVAT Policy officer DG TAXUD<br \/>\nVAT Unit European Commission.\n\t<p>10:30 &#8211; 11:15\u00a0 \u25e5<\/p>\n<h3>\n\t\tHow the digital economy has changed the way we consume. VAT and cross border supplies of services and intangibles.\n\t<\/h3>\n\t<p>The rapid growth of the digital economy has led to a shift in consumption patterns. The traditional demand for consumer goods is being transformed in many cases into subscriptions to paid services. All this has an impact on VAT. Place of supply rules, reporting and VAT collection processes in many cases do not respond to these new forms of consumption based mainly on the provision of intangible digital services. Different jurisdictions around the world, including the EU, are taking measures to adapt to this new economic reality.<\/p>\n\t\t\t\t<img loading=\"lazy\" decoding=\"async\" src=\"https:\/\/madridvatforum.tax\/wp-content\/uploads\/2021\/11\/Fabiola_Annacondia-Madrid-VAT-FORUM-2022.jpg\" alt=\"Fabiola_Annacondia-Madrid-VAT-FORUM-2022\" itemprop=\"image\" height=\"200\" width=\"200\" title=\"Fabiola_Annacondia-Madrid-VAT-FORUM-2022\" onerror=\"this.style.display='none'\"  \/>\n\t<h4>Fabiola Annacondia<\/h4>\n<p>Principal VAT Specialist, IBFD<\/p>\n\t<p>11:15 &#8211; 11:45<\/p>\n\t<p>11:45 &#8211; 12:30\u00a0 \u25e5<\/p>\n<h3>\n\t\tDigital platforms acting in their own name? The impact of the Fenix International case (C-695\/20) on the digital economy.\n\t<\/h3>\n\t<p>In December 2020, the United Kingdom\u00b4s First Tier Tribunal requested the European Court of Justice (ECJ) for a preliminary ruling which can have a significant impact on the digital economy. The question referred seeks clarification on whether Article 9a of the VAT Council Implementing Regulation exceeds the scope of Article 28 of the VAT Directive. This means, in practice, that the ECJ may need to clarify when an intermediary, like a digital platform, is acting in its own name and, therefore, can be considered as a deemed supplier.<\/p>\n\t\t\t\t<img loading=\"lazy\" decoding=\"async\" src=\"https:\/\/madridvatforum.tax\/wp-content\/uploads\/2020\/12\/David-Hummel-MADRID-VAT-FORUM-2021.jpg\" alt=\"David-Hummel-MADRID-VAT-FORUM-2021\" itemprop=\"image\" height=\"200\" width=\"200\" title=\"David-Hummel-MADRID-VAT-FORUM-2021\" onerror=\"this.style.display='none'\"  \/>\n\t<h4>David Hummel<\/h4>\nLegal Secretary, Cabinet Advocate General Kokott, European Court of Justice.<br \/>\nAssociate Professor University de Leipzig.\n\t<p>12:30 &#8211; 13:15\u00a0 \u25e5<\/p>\n<h3>\n\t\tEU Ecommerce VAT reform: experiences, lessons learned and suggestions for future improvements from a business perspective.\n\t<\/h3>\n\t<p>More than six months have passed since the entry into force of the reform of the E-commerce VAT package. It is time to evaluate the changes introduced, what the results have been and what could be improved to make the system work better in the future.<\/p>\n\t\t\t\t<img loading=\"lazy\" decoding=\"async\" src=\"https:\/\/madridvatforum.tax\/wp-content\/uploads\/2021\/11\/Sophie_Claessens-Madrid-VAT-FORUM-2022.jpg\" alt=\"Sophie_Claessens-Madrid-VAT-FORUM-2022\" itemprop=\"image\" height=\"146\" width=\"146\" title=\"Sophie_Claessens-Madrid-VAT-FORUM-2022\" onerror=\"this.style.display='none'\"  \/>\n\t<h4>Sophie Claessens<\/h4>\nDirector Public Policy, EU, Tax &amp; Payments.<br \/>\nAmazon Europe.\n\t<p>13:15 &#8211; 15:15<\/p>\n\t<p>15:15 &#8211; 16:00\u00a0 \u25e5<\/p>\n<h3>\n\t\tVAT and the sharing economy. Future challenges and what\u00b4s next?\n\t<\/h3>\n\t<p>The business models developed in the field of the sharing economy are characterized by the use of digital platforms that connect people or companies that offer certain services with people who intend to acquire them. The way in which these types of activities should be taxed has been the subject of constant debate in recent times. Concepts such as mediation, the degree of human intervention or the taxable status of the providers of these services must be reviewed to adapt them to this new economic reality.<\/p>\n\t\t\t\t<img loading=\"lazy\" decoding=\"async\" src=\"https:\/\/madridvatforum.tax\/wp-content\/uploads\/2020\/12\/Fernando-Matesanz-MADRID-VAT-FORUM-2021.jpg\" alt=\"Fernando-Matesanz-MADRID-VAT-FORUM-2021\" itemprop=\"image\" height=\"200\" width=\"200\" title=\"Fernando-Matesanz-MADRID-VAT-FORUM-2021\" onerror=\"this.style.display='none'\"  \/>\n\t<h4>Fernando Matesanz<\/h4>\nPresident Madrid VAT Forum.<br \/>\nManaging Director Spanish VAT Services Asesores.\n\t<p>16:00 &#8211; 16:45\u00a0 \u25e5<\/p>\n<h3>\n\t\tDigital Economy and the European Court of Justice (ECJ).\n\t<\/h3>\n\t<p>The impact that the digital economy is having in the field of VAT is enormous and the ECJ is no stranger to all this. New technologies and new types of economy are reflected in some of the ECJ\u00b4s decisions. Through this presentation some of the judgments dealing with this new way of doing business will be reviewed.<\/p>\n\t\t\t\t<img loading=\"lazy\" decoding=\"async\" src=\"https:\/\/madridvatforum.tax\/wp-content\/uploads\/2020\/12\/Francisco-Javier-Sanchez-Gallardo-MADRID-VAT-FORUM-2021.jpg\" alt=\"Francisco-Javier-Sanchez-Gallardo-MADRID-VAT-FORUM-2021\" itemprop=\"image\" height=\"200\" width=\"200\" title=\"Francisco-Javier-Sanchez-Gallardo-MADRID-VAT-FORUM-2021\" onerror=\"this.style.display='none'\"  \/>\n\t<h4>Francisco Javier S\u00e1nchez Gallardo<\/h4>\nState Treasury Inspector.<br \/>\nFinancial Counselor Spanish Embassy in Brazil.<br \/>\nFormer Member of the Central Economic-Administrative Court.<br \/>\nFormer Deputy Director (VAT) in the Spanish Sub-directorate General of the Directorate General of Taxes.\n\t<p>16:45 &#8211; 17:00<\/p>\n<h3>\n\t\tEnd of the day.\n\t<\/h3>\n<h2>\n\t\tCommunication &#038; Contact\n\t<\/h2>\n\t<p><strong>CONTACT<\/strong><\/p>\n<p><a href=\"mailto:info@spanishvat.es\">info@spanishvat.es<\/a><\/p>\n<p>&nbsp;<\/p>\n<p><strong>PRESS<\/strong><\/p>\n<p><a href=\"mailto:cristina.garcia@proacomunicacion.es\">cristina.garcia@proacomunicacion.es<\/a><\/p>\n\t<p>If you want more information about the online event, fill out the following form:<\/p>\n\t<strong>MADRID VAT FORUM 2022 <\/strong><br \/>\nIt is carried out thanks to the effort and support of:\n\t\t\t\t<img loading=\"lazy\" decoding=\"async\" src=\"https:\/\/madridvatforum.tax\/wp-content\/uploads\/2019\/10\/Spanish-Vat-Logo-I.png\" alt=\"Spanish-Vat-Logo-I\" itemprop=\"image\" height=\"131\" width=\"362\" title=\"Spanish-Vat-Logo-I\" onerror=\"this.style.display='none'\"  \/>\n\n","protected":false},"excerpt":{"rendered":"<p>MADRID VAT FORUM 2022 VAT and the digital economy There is no precise definition of what we can understand by digital economy. It could be said that it is a new way of doing business in which the normal interaction between the parties involved in the economic relationship is done through digita l platforms that&hellip;<\/p>\n","protected":false},"author":2,"featured_media":0,"parent":0,"menu_order":0,"comment_status":"closed","ping_status":"closed","template":"","meta":{"footnotes":""},"class_list":["post-812","page","type-page","status-publish","hentry"],"_links":{"self":[{"href":"https:\/\/madridvatforum.tax\/en\/wp-json\/wp\/v2\/pages\/812","targetHints":{"allow":["GET"]}}],"collection":[{"href":"https:\/\/madridvatforum.tax\/en\/wp-json\/wp\/v2\/pages"}],"about":[{"href":"https:\/\/madridvatforum.tax\/en\/wp-json\/wp\/v2\/types\/page"}],"author":[{"embeddable":true,"href":"https:\/\/madridvatforum.tax\/en\/wp-json\/wp\/v2\/users\/2"}],"replies":[{"embeddable":true,"href":"https:\/\/madridvatforum.tax\/en\/wp-json\/wp\/v2\/comments?post=812"}],"version-history":[{"count":42,"href":"https:\/\/madridvatforum.tax\/en\/wp-json\/wp\/v2\/pages\/812\/revisions"}],"predecessor-version":[{"id":923,"href":"https:\/\/madridvatforum.tax\/en\/wp-json\/wp\/v2\/pages\/812\/revisions\/923"}],"wp:attachment":[{"href":"https:\/\/madridvatforum.tax\/en\/wp-json\/wp\/v2\/media?parent=812"}],"curies":[{"name":"wp","href":"https:\/\/api.w.org\/{rel}","templated":true}]}}